{"id":7,"date":"2022-07-27T11:48:21","date_gmt":"2022-07-27T11:48:21","guid":{"rendered":"https:\/\/mezzacasa.com.br\/?page_id=7"},"modified":"2025-03-13T21:21:58","modified_gmt":"2025-03-13T21:21:58","slug":"tudo-em-materiais-de-construcao","status":"publish","type":"page","link":"https:\/\/mezzacasa.com.br\/","title":{"rendered":"Tudo em Materiais de Constru\u00e7\u00e3o"},"content":{"rendered":"<style>\/*! elementor - v3.6.7 - 03-07-2022 *\/<br \/>\n.elementor-widget-image{text-align:center}.elementor-widget-image a{display:inline-block}.elementor-widget-image a img[src$=\".svg\"]{width:48px}.elementor-widget-image img{vertical-align:middle;display:inline-block}<\/style>\n<p><img fetchpriority=\"high\" decoding=\"async\" src=\"https:\/\/mezzacasa.com.br\/wp-content\/uploads\/2024\/10\/Imagem_do_WhatsApp_de_2024-10-14_a_s__17.42.34_bf4b6b35-removebg-preview-2.png\" sizes=\"(max-width: 500px) 100vw, 500px\" srcset=\"https:\/\/mezzacasa.com.br\/wp-content\/uploads\/2024\/10\/Imagem_do_WhatsApp_de_2024-10-14_a_s__17.42.34_bf4b6b35-removebg-preview-2.png 500w, https:\/\/mezzacasa.com.br\/wp-content\/uploads\/2024\/10\/Imagem_do_WhatsApp_de_2024-10-14_a_s__17.42.34_bf4b6b35-removebg-preview-2-300x300.png 300w, https:\/\/mezzacasa.com.br\/wp-content\/uploads\/2024\/10\/Imagem_do_WhatsApp_de_2024-10-14_a_s__17.42.34_bf4b6b35-removebg-preview-2-150x150.png 150w\" alt=\"\" width=\"500\" height=\"500\" \/><\/p>\n<style>\/*! elementor - v3.6.7 - 03-07-2022 *\/<br \/>\n.elementor-heading-title{padding:0;margin:0;line-height:1}.elementor-widget-heading .elementor-heading-title[class*=elementor-size-]>a{color:inherit;font-size:inherit;line-height:inherit}.elementor-widget-heading .elementor-heading-title.elementor-size-small{font-size:15px}.elementor-widget-heading .elementor-heading-title.elementor-size-medium{font-size:19px}.elementor-widget-heading .elementor-heading-title.elementor-size-large{font-size:29px}.elementor-widget-heading .elementor-heading-title.elementor-size-xl{font-size:39px}.elementor-widget-heading .elementor-heading-title.elementor-size-xxl{font-size:59px}<\/style>\n<h2>Tudo em materiais de constru\u00e7\u00e3o<\/h2>\n<p>Decora\u00e7\u00e3o, constru\u00e7\u00e3o e reformas \u00e0 pronta entrega em Lajeado e regi\u00e3o. <b>Fale agora mesmo com nossos atendentes dispon\u00edveis:<\/b><\/p>\n<p><a role=\"button\" href=\"https:\/\/linktr.ee\/redemac.mezzacasa\"><br \/>\nFa\u00e7a um or\u00e7amento<br \/>\n<\/a><br \/>\n<img decoding=\"async\" src=\"https:\/\/mezzacasa.com.br\/wp-content\/uploads\/2024\/10\/paulo-nao-sabe-salvar-png.png\" sizes=\"(max-width: 386px) 100vw, 386px\" srcset=\"https:\/\/mezzacasa.com.br\/wp-content\/uploads\/2024\/10\/paulo-nao-sabe-salvar-png.png 386w, https:\/\/mezzacasa.com.br\/wp-content\/uploads\/2024\/10\/paulo-nao-sabe-salvar-png-300x278.png 300w\" alt=\"\" width=\"386\" height=\"358\" \/><\/p>\n<h2>Na Mezzacasa voc\u00ea tem as melhores condi\u00e7\u00f5es para compra de material:<\/h2>\n<p>Porcelanatos<\/p>\n<p>Utens\u00edlios de Jardim<\/p>\n<p>Metais<\/p>\n<p>Pisos<\/p>\n<p>Revestimentos<\/p>\n<p>Ferramentas<\/p>\n<p>Banheiro<\/p>\n<p>Azulejo<\/p>\n<h2>A maior variadade de produtos<br \/>\n<u>para sua constru\u00e7\u00e3o, casa e reforma<\/u><\/h2>\n<p>O melhor pre\u00e7o<\/p>\n<p>Produtos \u00e0<\/p>\n<p>pronta entrega<\/p>\n<p>Pe\u00e7a sem sair<\/p>\n<p>de casa!<\/p>\n<style>\/*! elementor - v3.6.7 - 03-07-2022 *\/<br \/>\n@charset \"UTF-8\";.elementor-star-rating{color:#ccd6df;font-family:eicons;display:inline-block}.elementor-star-rating i{display:inline-block;position:relative;font-style:normal;cursor:default}.elementor-star-rating i:before{content:\"e934\";display:block;font-size:inherit;font-family:inherit;position:absolute;overflow:hidden;color:#f0ad4e;top:0;left:0}.elementor-star-rating .elementor-star-empty:before{content:none}.elementor-star-rating .elementor-star-1:before{width:10%}.elementor-star-rating .elementor-star-2:before{width:20%}.elementor-star-rating .elementor-star-3:before{width:30%}.elementor-star-rating .elementor-star-4:before{width:40%}.elementor-star-rating .elementor-star-5:before{width:50%}.elementor-star-rating .elementor-star-6:before{width:60%}.elementor-star-rating .elementor-star-7:before{width:70%}.elementor-star-rating .elementor-star-8:before{width:80%}.elementor-star-rating .elementor-star-9:before{width:90%}.elementor-star-rating__wrapper{display:-webkit-box;display:-ms-flexbox;display:flex;-webkit-box-align:center;-ms-flex-align:center;align-items:center}.elementor-star-rating__title{margin-right:10px}.elementor-star-rating--align-right .elementor-star-rating__wrapper{text-align:right;-webkit-box-pack:end;-ms-flex-pack:end;justify-content:flex-end}.elementor-star-rating--align-left .elementor-star-rating__wrapper{text-align:left;-webkit-box-pack:start;-ms-flex-pack:start;justify-content:flex-start}.elementor-star-rating--align-center .elementor-star-rating__wrapper{text-align:center;-webkit-box-pack:center;-ms-flex-pack:center;justify-content:center}.elementor-star-rating--align-justify .elementor-star-rating__title{margin-right:auto}@media (max-width:1024px){.elementor-star-rating-tablet--align-right .elementor-star-rating__wrapper{text-align:right;-webkit-box-pack:end;-ms-flex-pack:end;justify-content:flex-end}.elementor-star-rating-tablet--align-left .elementor-star-rating__wrapper{text-align:left;-webkit-box-pack:start;-ms-flex-pack:start;justify-content:flex-start}.elementor-star-rating-tablet--align-center .elementor-star-rating__wrapper{text-align:center;-webkit-box-pack:center;-ms-flex-pack:center;justify-content:center}.elementor-star-rating-tablet--align-justify .elementor-star-rating__title{margin-right:auto}}@media (max-width:767px){.elementor-star-rating-mobile--align-right .elementor-star-rating__wrapper{text-align:right;-webkit-box-pack:end;-ms-flex-pack:end;justify-content:flex-end}.elementor-star-rating-mobile--align-left .elementor-star-rating__wrapper{text-align:left;-webkit-box-pack:start;-ms-flex-pack:start;justify-content:flex-start}.elementor-star-rating-mobile--align-center .elementor-star-rating__wrapper{text-align:center;-webkit-box-pack:center;-ms-flex-pack:center;justify-content:center}.elementor-star-rating-mobile--align-justify .elementor-star-rating__title{margin-right:auto}}.last-star{letter-spacing:0}.elementor--star-style-star_unicode .elementor-star-rating{font-family:Arial,Helvetica,sans-serif}.elementor--star-style-star_unicode .elementor-star-rating i:not(.elementor-star-empty):before{content:\"\u2605\"}<\/style>\n<p> <img decoding=\"async\" src=\"https:\/\/mezzacasa.com.br\/wp-content\/uploads\/2022\/07\/woman.png\" alt=\"\" \/><br \/>\n<cite><i>\ue934<\/i><i>\ue934<\/i><i>\ue934<\/i><i>\ue934<\/i><i>\ue934<\/i>Cliente satisfeito<\/cite> Read More<br \/>\nLoja ampla e sempre encontrei o que procurava. Vendedores atenciosos. Tudo de bom!!<br \/>\n<img decoding=\"async\" src=\"https:\/\/mezzacasa.com.br\/wp-content\/uploads\/2022\/07\/man.png\" alt=\"\" \/><br \/>\n<cite><i>\ue934<\/i><i>\ue934<\/i><i>\ue934<\/i><i>\ue934<\/i><i>\ue934<\/i>Cliente satisfeito<\/cite> Read More<br \/>\nLoja com ampla variedade de produtos para sua obra em materiais de constru\u00e7\u00e3o e ferramentas, al\u00e9m de materiais para acabamento.<br \/>\n<img decoding=\"async\" src=\"https:\/\/mezzacasa.com.br\/wp-content\/uploads\/2022\/07\/man-1.png\" alt=\"\" \/><br \/>\n<cite><i>\ue934<\/i><i>\ue934<\/i><i>\ue934<\/i><i>\ue934<\/i><i>\ue934<\/i>Cliente satisfeito<\/cite> Read More<br \/>\nAtendimento excelente! Fazia tempo que eu n\u00e3o visitava a loja, fiquei impressionado com a quantidade de itens e valores em conta. Vale a pena conferir a loja, pois os pre\u00e7os s\u00e3o muito bons pelos materiais oferecidos.<br \/>\nPrevious<br \/>\nNext<\/p>\n<h2>Acabou material? Receba j\u00e1!<\/h2>\n<p>Entre em contato com nossos atendentes e receba sem sair de casa:<br \/>\n<a href=\"https:\/\/linktr.ee\/redemac.mezzacasa\"><br \/>\nFa\u00e7a um or\u00e7amento <\/a><\/p>\n<p>Contato:<\/p>\n<p>Telefone: (51) 3714-1274<\/p>\n<p>Endere\u00e7o: Rua J\u00falio de Castilhos 1931 sala 2 Bairro Cristo rei Estrela RS CEP 95.880.000<\/p>\n<p>Acompanhe-nos nas redes sociais:<\/p>\n<style>\/*! elementor - v3.6.7 - 03-07-2022 *\/<br \/>\n.elementor-widget-social-icons.elementor-grid-0 .elementor-widget-container,.elementor-widget-social-icons.elementor-grid-mobile-0 .elementor-widget-container,.elementor-widget-social-icons.elementor-grid-tablet-0 .elementor-widget-container{line-height:1;font-size:0}.elementor-widget-social-icons:not(.elementor-grid-0):not(.elementor-grid-tablet-0):not(.elementor-grid-mobile-0) .elementor-grid{display:inline-grid}.elementor-widget-social-icons .elementor-grid{grid-column-gap:var(--grid-column-gap,5px);grid-row-gap:var(--grid-row-gap,5px);grid-template-columns:var(--grid-template-columns);-webkit-box-pack:var(--justify-content,center);-ms-flex-pack:var(--justify-content,center);justify-content:var(--justify-content,center);justify-items:var(--justify-content,center)}.elementor-icon.elementor-social-icon{font-size:var(--icon-size,25px);line-height:var(--icon-size,25px);width:calc(var(--icon-size, 25px) + (2 * var(--icon-padding, .5em)));height:calc(var(--icon-size, 25px) + (2 * var(--icon-padding, .5em)))}.elementor-social-icon{--e-social-icon-icon-color:#fff;display:-webkit-inline-box;display:-ms-inline-flexbox;display:inline-flex;background-color:#818a91;-webkit-box-align:center;-ms-flex-align:center;align-items:center;-webkit-box-pack:center;-ms-flex-pack:center;justify-content:center;text-align:center;cursor:pointer}.elementor-social-icon i{color:var(--e-social-icon-icon-color)}.elementor-social-icon svg{fill:var(--e-social-icon-icon-color)}.elementor-social-icon:last-child{margin:0}.elementor-social-icon:hover{opacity:.9;color:#fff}.elementor-social-icon-android{background-color:#a4c639}.elementor-social-icon-apple{background-color:#999}.elementor-social-icon-behance{background-color:#1769ff}.elementor-social-icon-bitbucket{background-color:#205081}.elementor-social-icon-codepen{background-color:#000}.elementor-social-icon-delicious{background-color:#39f}.elementor-social-icon-deviantart{background-color:#05cc47}.elementor-social-icon-digg{background-color:#005be2}.elementor-social-icon-dribbble{background-color:#ea4c89}.elementor-social-icon-elementor{background-color:#d30c5c}.elementor-social-icon-envelope{background-color:#ea4335}.elementor-social-icon-facebook,.elementor-social-icon-facebook-f{background-color:#3b5998}.elementor-social-icon-flickr{background-color:#0063dc}.elementor-social-icon-foursquare{background-color:#2d5be3}.elementor-social-icon-free-code-camp,.elementor-social-icon-freecodecamp{background-color:#006400}.elementor-social-icon-github{background-color:#333}.elementor-social-icon-gitlab{background-color:#e24329}.elementor-social-icon-globe{background-color:#818a91}.elementor-social-icon-google-plus,.elementor-social-icon-google-plus-g{background-color:#dd4b39}.elementor-social-icon-houzz{background-color:#7ac142}.elementor-social-icon-instagram{background-color:#262626}.elementor-social-icon-jsfiddle{background-color:#487aa2}.elementor-social-icon-link{background-color:#818a91}.elementor-social-icon-linkedin,.elementor-social-icon-linkedin-in{background-color:#0077b5}.elementor-social-icon-medium{background-color:#00ab6b}.elementor-social-icon-meetup{background-color:#ec1c40}.elementor-social-icon-mixcloud{background-color:#273a4b}.elementor-social-icon-odnoklassniki{background-color:#f4731c}.elementor-social-icon-pinterest{background-color:#bd081c}.elementor-social-icon-product-hunt{background-color:#da552f}.elementor-social-icon-reddit{background-color:#ff4500}.elementor-social-icon-rss{background-color:#f26522}.elementor-social-icon-shopping-cart{background-color:#4caf50}.elementor-social-icon-skype{background-color:#00aff0}.elementor-social-icon-slideshare{background-color:#0077b5}.elementor-social-icon-snapchat{background-color:#fffc00}.elementor-social-icon-soundcloud{background-color:#f80}.elementor-social-icon-spotify{background-color:#2ebd59}.elementor-social-icon-stack-overflow{background-color:#fe7a15}.elementor-social-icon-steam{background-color:#00adee}.elementor-social-icon-stumbleupon{background-color:#eb4924}.elementor-social-icon-telegram{background-color:#2ca5e0}.elementor-social-icon-thumb-tack{background-color:#1aa1d8}.elementor-social-icon-tripadvisor{background-color:#589442}.elementor-social-icon-tumblr{background-color:#35465c}.elementor-social-icon-twitch{background-color:#6441a5}.elementor-social-icon-twitter{background-color:#1da1f2}.elementor-social-icon-viber{background-color:#665cac}.elementor-social-icon-vimeo{background-color:#1ab7ea}.elementor-social-icon-vk{background-color:#45668e}.elementor-social-icon-weibo{background-color:#dd2430}.elementor-social-icon-weixin{background-color:#31a918}.elementor-social-icon-whatsapp{background-color:#25d366}.elementor-social-icon-wordpress{background-color:#21759b}.elementor-social-icon-xing{background-color:#026466}.elementor-social-icon-yelp{background-color:#af0606}.elementor-social-icon-youtube{background-color:#cd201f}.elementor-social-icon-500px{background-color:#0099e5}.elementor-shape-rounded .elementor-icon.elementor-social-icon{border-radius:10%}.elementor-shape-circle .elementor-icon.elementor-social-icon{border-radius:50%}<\/style>\n<p><a href=\"https:\/\/www.facebook.com\/redemac.mezzacasa.lajeado\/\" target=\"_blank\" rel=\"noopener\"><br \/>\nFacebook<br \/>\n<\/a><br \/>\n<a href=\"https:\/\/www.instagram.com\/redemac.mezzacasa\/\" target=\"_blank\" rel=\"noopener\"><br \/>\nInstagram<br \/>\n<\/a><br \/>\n<a href=\"https:\/\/linktr.ee\/redemac.mezzacasa\" target=\"_blank\" rel=\"noopener\"><br \/>\nWhatsapp<br \/>\n<\/a><\/p>\n<style>\/*! elementor - v3.6.7 - 03-07-2022 *\/<br \/>\n.elementor-widget-google_maps .elementor-widget-container{overflow:hidden}.elementor-widget-google_maps iframe{height:300px}<\/style>\n<p><iframe title=\"Rua J\u00falio de Castilhos 1931 sala 2 Bairro Cristo rei Estrela RS CEP 95.880.000\" src=\"https:\/\/maps.google.com\/maps?q=Rua%20J%C3%BAlio%20de%20Castilhos%201931%20sala%202%20Bairro%20Cristo%20rei%20Estrela%20RS%20CEP%2095.880.000&amp;t=m&amp;z=14&amp;output=embed&amp;iwloc=near\" frameborder=\"0\" marginwidth=\"0\" marginheight=\"0\" scrolling=\"no\" aria-label=\"Rua J\u00falio de Castilhos 1931 sala 2 Bairro Cristo rei Estrela RS CEP 95.880.000\"><\/iframe><\/p>\n<p>Copyright \u00a9 2022 \u2013 Mezzacasa \u2013\u00a0 Todos os direitos reservados.<\/p>\n","protected":false},"excerpt":{"rendered":"<p>Tudo em materiais de constru\u00e7\u00e3o Decora\u00e7\u00e3o, constru\u00e7\u00e3o e reformas \u00e0 pronta entrega em Lajeado e regi\u00e3o. Fale agora mesmo com nossos atendentes dispon\u00edveis: Fa\u00e7a um or\u00e7amento Na Mezzacasa voc\u00ea tem as melhores condi\u00e7\u00f5es para compra de material: Porcelanatos Utens\u00edlios de Jardim Metais Pisos Revestimentos Ferramentas Banheiro Azulejo A maior variadade de produtos para sua constru\u00e7\u00e3o, &hellip;<\/p>\n<p class=\"read-more\"> <a class=\"\" href=\"https:\/\/mezzacasa.com.br\/\"> <span class=\"screen-reader-text\">Tudo em Materiais de Constru\u00e7\u00e3o<\/span> Read More &raquo;<\/a><\/p>\n","protected":false},"author":1,"featured_media":0,"parent":0,"menu_order":0,"comment_status":"closed","ping_status":"closed","template":"elementor_canvas","meta":{"site-sidebar-layout":"default","site-content-layout":"default","ast-global-header-display":"","ast-main-header-display":"","ast-hfb-above-header-display":"","ast-hfb-below-header-display":"","ast-hfb-mobile-header-display":"","site-post-title":"","ast-breadcrumbs-content":"","ast-featured-img":"","footer-sml-layout":"","theme-transparent-header-meta":"","adv-header-id-meta":"","stick-header-meta":"","header-above-stick-meta":"","header-main-stick-meta":"","header-below-stick-meta":"","footnotes":""},"class_list":["post-7","page","type-page","status-publish","hentry"],"_links":{"self":[{"href":"https:\/\/mezzacasa.com.br\/index.php\/wp-json\/wp\/v2\/pages\/7","targetHints":{"allow":["GET"]}}],"collection":[{"href":"https:\/\/mezzacasa.com.br\/index.php\/wp-json\/wp\/v2\/pages"}],"about":[{"href":"https:\/\/mezzacasa.com.br\/index.php\/wp-json\/wp\/v2\/types\/page"}],"author":[{"embeddable":true,"href":"https:\/\/mezzacasa.com.br\/index.php\/wp-json\/wp\/v2\/users\/1"}],"replies":[{"embeddable":true,"href":"https:\/\/mezzacasa.com.br\/index.php\/wp-json\/wp\/v2\/comments?post=7"}],"version-history":[{"count":168,"href":"https:\/\/mezzacasa.com.br\/index.php\/wp-json\/wp\/v2\/pages\/7\/revisions"}],"predecessor-version":[{"id":209,"href":"https:\/\/mezzacasa.com.br\/index.php\/wp-json\/wp\/v2\/pages\/7\/revisions\/209"}],"wp:attachment":[{"href":"https:\/\/mezzacasa.com.br\/index.php\/wp-json\/wp\/v2\/media?parent=7"}],"curies":[{"name":"wp","href":"https:\/\/api.w.org\/{rel}","templated":true}]}}